{"id":2530,"date":"2024-01-24T17:20:29","date_gmt":"2024-01-24T17:20:29","guid":{"rendered":"http:\/\/www.mgvnussloch.de\/?page_id=2530"},"modified":"2025-10-23T08:27:42","modified_gmt":"2025-10-23T08:27:42","slug":"impressum","status":"publish","type":"page","link":"https:\/\/www.mgvnussloch.de\/?page_id=2530","title":{"rendered":"Impressum"},"content":{"rendered":"\n<p>Impressum des MGV 1867 Nussloch M\u00e4nner- und Frauenchor e.V.<\/p>\n\n\n\n<p>Gesch\u00e4ftsf\u00fchrender Vorstand:<\/p>\n\n\n\n<p>Erste Vorsitzende:<\/p>\n\n\n\n<p>Beate G\u00f6tz, Wilhelmstr. 12, 69226 Nu\u00dfloch;  Tel: 06224 \/ 15707                                                        Handy: 015170675723  Mail-Adresse:  goetz-nussloch@t-online.de<\/p>\n\n\n\n<p>Stellvertretente Vorsitzende:<\/p>\n\n\n\n<p>Kassenwart:<\/p>\n\n\n\n<p>Dr. Gerhard Schirmer, Lenbachstr, 20, 69226 Nu\u00dfloch; Tel.: 06224 \/ 12102                                      Mail-Adresse: schirmer.Gerhard@web.de<\/p>\n\n\n\n<p>Schriftf\u00fchrerin:<\/p>\n\n\n\n<p>Marlies Kn\u00f6bel, Alte Heerstr. 6, 69168 Wiesloch; Tel.: 06222 \/ 7898680                                           Mail-Adresse: m.k47@gmx.de<\/p>\n\n\n\n<p>Chor-Referentin:<\/p>\n\n\n\n<p>Margaretha-Ursula Hildwein, Kraichgaustr. 2; Tel.: 9097133                                                                 Mail-Adresse: u.karlheinz46@gmx.info<\/p>\n\n\n\n<p>Chorleiter:<\/p>\n\n\n\n<p>Markus Zepp, Email-Adresse: markus.zepp@web.de<\/p>\n\n\n\n<p><\/p>\n\n\n\n<p><\/p>\n\n\n\n<p>EDV-Ansprechpartner:<\/p>\n\n\n\n<p>Donald Freund,  Loppengasse 23, 69226 Nu\u00dfloch,Tel.; 06224 \/ 10848; Handy:  01707380448    Mail-Adresse: FRDOLORES@t-online.de<\/p>\n\n\n\n<p><\/p>\n\n\n\n<p>                                                       <\/p>\n\n\n\n<p><\/p>\n","protected":false},"excerpt":{"rendered":"<p>Impressum des MGV 1867 Nussloch M\u00e4nner- und Frauenchor e.V. Gesch\u00e4ftsf\u00fchrender Vorstand: Erste Vorsitzende: Beate G\u00f6tz, Wilhelmstr. 12, 69226 Nu\u00dfloch; Tel: 06224 \/ 15707 Handy: 015170675723 Mail-Adresse: goetz-nussloch@t-online.de Stellvertretente Vorsitzende: Kassenwart: Dr. Gerhard Schirmer, Lenbachstr, 20, 69226 Nu\u00dfloch; Tel.: 06224 \/ &hellip; <a href=\"https:\/\/www.mgvnussloch.de\/?page_id=2530\">Weiterlesen <span class=\"meta-nav\">&rarr;<\/span><\/a><\/p>\n","protected":false},"author":5,"featured_media":0,"parent":0,"menu_order":0,"comment_status":"closed","ping_status":"closed","template":"","meta":{"om_disable_all_campaigns":false,"_monsterinsights_skip_tracking":false,"_monsterinsights_sitenote_active":false,"_monsterinsights_sitenote_note":"","_monsterinsights_sitenote_category":0,"footnotes":""},"_links":{"self":[{"href":"https:\/\/www.mgvnussloch.de\/index.php?rest_route=\/wp\/v2\/pages\/2530"}],"collection":[{"href":"https:\/\/www.mgvnussloch.de\/index.php?rest_route=\/wp\/v2\/pages"}],"about":[{"href":"https:\/\/www.mgvnussloch.de\/index.php?rest_route=\/wp\/v2\/types\/page"}],"author":[{"embeddable":true,"href":"https:\/\/www.mgvnussloch.de\/index.php?rest_route=\/wp\/v2\/users\/5"}],"replies":[{"embeddable":true,"href":"https:\/\/www.mgvnussloch.de\/index.php?rest_route=%2Fwp%2Fv2%2Fcomments&post=2530"}],"version-history":[{"count":0,"href":"https:\/\/www.mgvnussloch.de\/index.php?rest_route=\/wp\/v2\/pages\/2530\/revisions"}],"wp:attachment":[{"href":"https:\/\/www.mgvnussloch.de\/index.php?rest_route=%2Fwp%2Fv2%2Fmedia&parent=2530"}],"curies":[{"name":"wp","href":"https:\/\/api.w.org\/{rel}","templated":true}]}}